{"id":745,"date":"2016-03-10T18:51:46","date_gmt":"2016-03-10T18:51:46","guid":{"rendered":"https:\/\/default.houzez.co\/?page_id=745"},"modified":"2024-09-05T08:12:30","modified_gmt":"2024-09-05T06:12:30","slug":"terms-and-conditions","status":"publish","type":"page","link":"https:\/\/medimarhomes.com\/es\/terms-and-conditions\/","title":{"rendered":"T\u00e9rminos y Condiciones"},"content":{"rendered":"<p style=\"text-align: justify;\">En Medimar Homes, nos tomamos muy en serio la privacidad. Entendemos que cuando nos proporciona informaci\u00f3n personal o comercial, conf\u00eda en que la manejaremos de manera responsable y nos comprometemos a mantener esa confianza.<\/p>\n<p style=\"text-align: justify;\">A continuaci\u00f3n se detalla nuestra pol\u00edtica sobre c\u00f3mo utilizamos la informaci\u00f3n que usted nos proporciona o que recopilamos a trav\u00e9s de su uso de nuestro sitio web. Tenga en cuenta que al acceder a nuestro sitio web, usted acepta las pr\u00e1cticas descritas en este aviso.<\/p>\n<h3 style=\"text-align: justify;\">Informaci\u00f3n Que Recopilamos<\/h3>\n<p style=\"text-align: justify;\">Cuando visita nuestro sitio web, recopilamos datos que nos ayudan a comprender c\u00f3mo los visitantes utilizan nuestra pagina web, lo que nos permite mejorar continuamente su utilidad y valor. Esta informaci\u00f3n no se puede rastrear directa ni indirectamente hasta ninguna persona. Adem\u00e1s de los datos b\u00e1sicos de uso, tambi\u00e9n recopilamos informaci\u00f3n para monitorear el tr\u00e1fico de la red e identificar cualquier actividad no autorizada o inusual en la pagina web.<\/p>\n<p style=\"text-align: justify;\">Los tipos espec\u00edficos de informaci\u00f3n que recopilamos incluyen:<\/p>\n<ul style=\"text-align: justify;\">\n<li>El dominio y el nombre de host desde el que accede a Internet<\/li>\n<li>La direcci\u00f3n de protocolo de Internet (IP) del servidor host que est\u00e1s utilizando<\/li>\n<li>El nombre y la versi\u00f3n de su navegador web<\/li>\n<li>La fecha y hora de su visita a nuestro sitio web.<\/li>\n<li>La direcci\u00f3n de Internet del sitio web desde el que se vincul\u00f3 a nosotros, si corresponde<\/li>\n<\/ul>\n<p style=\"text-align: justify;\">Toda la informaci\u00f3n que proporcione a Medimar Homes a trav\u00e9s de este sitio web se almacena de forma segura y solo es accesible para Medimar Homes. No vendemos la informaci\u00f3n que recopilamos ni la compartimos con organizaciones de terceros a menos que lo exija la ley o mediante un proceso legal v\u00e1lido.<\/p>\n<p style=\"text-align: justify;\">Al enviar su informaci\u00f3n a trav\u00e9s del formulario provisto, usted da su consentimiento para que Medimar Homes utilice la informaci\u00f3n para enviarle art\u00edculos, promociones o informaci\u00f3n sobre terceros que creemos que pueden ser de su inter\u00e9s. Puede cambiar sus preferencias en cualquier momento y siempre tendr\u00e1 la opci\u00f3n de darse de baja o de no recibir futuras comunicaciones.<\/p>\n<p style=\"text-align: justify;\">\n<p style=\"text-align: justify;\">\n<h6 style=\"text-align: justify;\"><strong>Descargo de responsabilidad:<\/strong> La informaci\u00f3n proporcionada por Medimar Homes en nuestro sitio web, <a href=\"https:\/\/medimarhomes.com\/es\/\" target=\"_new\" rel=\"noopener\">www.medimarhomes.com<\/a>, es solo para fines informativos generales. Toda la informaci\u00f3n en nuestro sitio web se comparte de buena fe. Tomamos todas las precauciones y recaudos para garantizar que la informaci\u00f3n publicada en este sitio web sea precisa en el momento de la publicaci\u00f3n y se actualice peri\u00f3dicamente. Sin embargo, Medimar Homes no se hace responsable de su precisi\u00f3n o actualidad, y Medimar Homes se reserva el derecho de cambiar la informaci\u00f3n en cualquier momento sin previo aviso. Medimar Homes no realiza ninguna declaraci\u00f3n ni garant\u00eda de ning\u00fan tipo, ya sea expresa o impl\u00edcita, con respecto a la precisi\u00f3n, adecuaci\u00f3n, validez, confiabilidad, disponibilidad o integridad de cualquier informaci\u00f3n en el sitio web o aplicaciones m\u00f3viles, incluido cualquier otro sitio web vinculado a \u00e9l. No debe confiar \u00fanicamente en la informaci\u00f3n proporcionada en el sitio web y reconoce que debe tomar las medidas adecuadas para verificar esta informaci\u00f3n con su representante legal antes de actuar en consecuencia.<\/h6>","protected":false},"excerpt":{"rendered":"<p>At Medimar Homes, we take privacy matters very seriously. We understand that when you provide us with personal or business information, you are trusting us to handle it responsibly, and we are committed to maintaining that trust. Our policy regarding how we use the information you provide, or that we gather through your use of [&hellip;]<\/p>\n","protected":false},"author":1,"featured_media":0,"parent":0,"menu_order":0,"comment_status":"closed","ping_status":"closed","template":"","meta":{"content-type":"","om_disable_all_campaigns":false,"_monsterinsights_skip_tracking":false,"_monsterinsights_sitenote_active":false,"_monsterinsights_sitenote_note":"","_monsterinsights_sitenote_category":0,"footnotes":""},"class_list":["post-745","page","type-page","status-publish","hentry"],"_links":{"self":[{"href":"https:\/\/medimarhomes.com\/es\/wp-json\/wp\/v2\/pages\/745","targetHints":{"allow":["GET"]}}],"collection":[{"href":"https:\/\/medimarhomes.com\/es\/wp-json\/wp\/v2\/pages"}],"about":[{"href":"https:\/\/medimarhomes.com\/es\/wp-json\/wp\/v2\/types\/page"}],"author":[{"embeddable":true,"href":"https:\/\/medimarhomes.com\/es\/wp-json\/wp\/v2\/users\/1"}],"replies":[{"embeddable":true,"href":"https:\/\/medimarhomes.com\/es\/wp-json\/wp\/v2\/comments?post=745"}],"version-history":[{"count":5,"href":"https:\/\/medimarhomes.com\/es\/wp-json\/wp\/v2\/pages\/745\/revisions"}],"predecessor-version":[{"id":21231,"href":"https:\/\/medimarhomes.com\/es\/wp-json\/wp\/v2\/pages\/745\/revisions\/21231"}],"wp:attachment":[{"href":"https:\/\/medimarhomes.com\/es\/wp-json\/wp\/v2\/media?parent=745"}],"curies":[{"name":"wp","href":"https:\/\/api.w.org\/{rel}","templated":true}]}}