{"id":19384,"date":"2024-06-19T14:37:46","date_gmt":"2024-06-19T12:37:46","guid":{"rendered":"https:\/\/medimarhomes.com\/?page_id=19384"},"modified":"2026-01-29T15:46:17","modified_gmt":"2026-01-29T14:46:17","slug":"about","status":"publish","type":"page","link":"https:\/\/medimarhomes.com\/es\/about\/","title":{"rendered":"Sobre Nosotros"},"content":{"rendered":"<div data-elementor-type=\"wp-page\" data-elementor-id=\"19384\" class=\"elementor elementor-19384\">\n\t\t\t\t\t\t<section class=\"elementor-section elementor-top-section elementor-element elementor-element-5b81e21 elementor-section-height-min-height animated-slow elementor-section-boxed elementor-section-height-default elementor-section-items-middle elementor-invisible\" data-id=\"5b81e21\" data-element_type=\"section\" data-e-type=\"section\" data-settings=\"{&quot;background_background&quot;:&quot;classic&quot;,&quot;animation&quot;:&quot;fadeIn&quot;}\">\n\t\t\t\t\t\t\t<div class=\"elementor-background-overlay\"><\/div>\n\t\t\t\t\t\t\t<div class=\"elementor-container elementor-column-gap-default\">\n\t\t\t\t\t<div class=\"elementor-column elementor-col-100 elementor-top-column elementor-element elementor-element-ad367f8\" data-id=\"ad367f8\" data-element_type=\"column\" data-e-type=\"column\">\n\t\t\t<div class=\"elementor-widget-wrap elementor-element-populated\">\n\t\t\t\t\t\t<div class=\"elementor-element elementor-element-0e7939f elementor-widget elementor-widget-heading\" data-id=\"0e7939f\" data-element_type=\"widget\" data-e-type=\"widget\" data-widget_type=\"heading.default\">\n\t\t\t\t<div class=\"elementor-widget-container\">\n\t\t\t\t\t<h1 class=\"elementor-heading-title elementor-size-default\">Sobre Nosotros<\/h1>\t\t\t\t<\/div>\n\t\t\t\t<\/div>\n\t\t\t\t\t<\/div>\n\t\t<\/div>\n\t\t\t\t\t<\/div>\n\t\t<\/section>\n\t\t\t\t<section class=\"elementor-section elementor-top-section elementor-element elementor-element-09038dc elementor-section-boxed elementor-section-height-default elementor-section-height-default\" data-id=\"09038dc\" data-element_type=\"section\" data-e-type=\"section\" data-settings=\"{&quot;background_background&quot;:&quot;classic&quot;}\">\n\t\t\t\t\t\t<div class=\"elementor-container elementor-column-gap-default\">\n\t\t\t\t\t<div class=\"elementor-column elementor-col-100 elementor-top-column elementor-element elementor-element-c8278ac\" data-id=\"c8278ac\" data-element_type=\"column\" data-e-type=\"column\">\n\t\t\t<div class=\"elementor-widget-wrap elementor-element-populated\">\n\t\t\t\t\t\t<div class=\"elementor-element elementor-element-3271868 elementor-widget elementor-widget-spacer\" data-id=\"3271868\" data-element_type=\"widget\" data-e-type=\"widget\" data-widget_type=\"spacer.default\">\n\t\t\t\t<div class=\"elementor-widget-container\">\n\t\t\t\t\t\t\t<div class=\"elementor-spacer\">\n\t\t\t<div class=\"elementor-spacer-inner\"><\/div>\n\t\t<\/div>\n\t\t\t\t\t\t<\/div>\n\t\t\t\t<\/div>\n\t\t\t\t<div class=\"elementor-element elementor-element-69fe9b8 elementor-widget elementor-widget-text-editor\" data-id=\"69fe9b8\" data-element_type=\"widget\" data-e-type=\"widget\" data-widget_type=\"text-editor.default\">\n\t\t\t\t<div class=\"elementor-widget-container\">\n\t\t\t\t\t\t\t\t\t<p>Medimar Homes es una empresa familiar creada en 2024 centrada en propiedades ubicadas en la costa de la provincia de Almer\u00eda, Andaluc\u00eda. Nuestro objetivo es ayudar tanto a vendedores como a compradores a lograr el resultado de sus sue\u00f1os con un enfoque sensato en el sector inmobiliario.&nbsp;<\/p>\t\t\t\t\t\t\t\t<\/div>\n\t\t\t\t<\/div>\n\t\t\t\t<div class=\"elementor-element elementor-element-c2354bb elementor-widget elementor-widget-heading\" data-id=\"c2354bb\" data-element_type=\"widget\" data-e-type=\"widget\" data-widget_type=\"heading.default\">\n\t\t\t\t<div class=\"elementor-widget-container\">\n\t\t\t\t\t<h2 class=\"elementor-heading-title elementor-size-default\"><font color=\"#54595f\" face=\"Abhaya Libre\"><span style=\"font-size: 50px;text-transform: none\">MEDIMAR HOMES<\/span><\/font><\/h2>\t\t\t\t<\/div>\n\t\t\t\t<\/div>\n\t\t\t\t<div class=\"elementor-element elementor-element-755786d elementor-widget__width-initial elementor-widget elementor-widget-text-editor\" data-id=\"755786d\" data-element_type=\"widget\" data-e-type=\"widget\" data-widget_type=\"text-editor.default\">\n\t\t\t\t<div class=\"elementor-widget-container\">\n\t\t\t\t\t\t\t\t\t<p style=\"text-align: justify;\">En Medimar Homes nuestro enfoque en el sector inmobiliario es estar lo m\u00e1s conectados posible con nuestros vendedores y compradores. Entendemos que la honestidad y la comunicaci\u00f3n son absolutamente claves para una relaci\u00f3n de trabajo saludable, entonces, \u00bfpor qu\u00e9 deber\u00eda ser diferente al comprar o vender una casa?<\/p><p style=\"text-align: justify;\">Nuestro objetivo es complacer:<\/p><p style=\"text-align: justify;\">\u00a0\u2013 Desde el d\u00eda que conocemos a nuestros vendedores, dejamos absolutamente claro que estamos aqu\u00ed para presentar y publicar su casa lo mejor que podamos. Esto siempre incluir\u00e1 fotograf\u00eda profesional, recorridos en video 4K, recorridos virtuales de 360\u00ba, tomas con drones cuando sea posible y videos promocionales que se compartir\u00e1n lo m\u00e1s ampliamente posible utilizando nuestra extensa red de portales inmobiliarios, as\u00ed como t\u00e9cnicas publicitarias modernas.<\/p><p style=\"text-align: justify;\">\u00a0\u2013 Aquellos que deseen comprar a trav\u00e9s de Medimar Homes pueden estar seguros de que hemos recopilado toda la documentaci\u00f3n legal de los vendedores incluso antes de que la propiedad salga al mercado. Luego, esta documentaci\u00f3n se revisa minuciosamente para detectar posibles problemas que podr\u00edan retrasar una venta o incluso detenerla en seco.<\/p><p style=\"text-align: justify;\">Me gustar\u00eda pensar que nuestro enfoque en Medimar Homes no es el que esperas. Durante demasiado tiempo la reputaci\u00f3n de las agencias inmobiliarios en Espa\u00f1a (y en general) no ha sido favorable y en un momento en el que la reputaci\u00f3n se hace o se rompe en cuestion de segundos, es m\u00e1s importante que nunca ofrecer un servicio de 5 estrellas. Aqu\u00ed encontraras transparencia, honestidad y confianza sin t\u00e1cticas de presi\u00f3n para conseguir una \u201cventa r\u00e1pida\u201d. Nuestro objetivo es crear una relaci\u00f3n duradera tanto con compradores como con vendedores que vaya m\u00e1s all\u00e1 de ser simplemente su agente inmobiliario.<\/p>\t\t\t\t\t\t\t\t<\/div>\n\t\t\t\t<\/div>\n\t\t\t\t<div class=\"elementor-element elementor-element-b2b6f16 elementor-widget elementor-widget-spacer\" data-id=\"b2b6f16\" data-element_type=\"widget\" data-e-type=\"widget\" data-widget_type=\"spacer.default\">\n\t\t\t\t<div class=\"elementor-widget-container\">\n\t\t\t\t\t\t\t<div class=\"elementor-spacer\">\n\t\t\t<div class=\"elementor-spacer-inner\"><\/div>\n\t\t<\/div>\n\t\t\t\t\t\t<\/div>\n\t\t\t\t<\/div>\n\t\t\t\t<div class=\"elementor-element elementor-element-89a95a6 elementor-widget elementor-widget-spacer\" data-id=\"89a95a6\" data-element_type=\"widget\" data-e-type=\"widget\" data-widget_type=\"spacer.default\">\n\t\t\t\t<div class=\"elementor-widget-container\">\n\t\t\t\t\t\t\t<div class=\"elementor-spacer\">\n\t\t\t<div class=\"elementor-spacer-inner\"><\/div>\n\t\t<\/div>\n\t\t\t\t\t\t<\/div>\n\t\t\t\t<\/div>\n\t\t\t\t<div class=\"elementor-element elementor-element-b62b20d elementor-widget__width-initial elementor-widget elementor-widget-heading\" data-id=\"b62b20d\" data-element_type=\"widget\" data-e-type=\"widget\" data-widget_type=\"heading.default\">\n\t\t\t\t<div class=\"elementor-widget-container\">\n\t\t\t\t\t<h2 class=\"elementor-heading-title elementor-size-default\"><font color=\"#54595f\" face=\"Abhaya Libre\"><span style=\"font-size: 50px;text-transform: none\">ROBERT WARD HARRIS<\/span><\/font><\/h2>\t\t\t\t<\/div>\n\t\t\t\t<\/div>\n\t\t\t\t<div class=\"elementor-element elementor-element-6f406b3 elementor-widget elementor-widget-spacer\" data-id=\"6f406b3\" data-element_type=\"widget\" data-e-type=\"widget\" data-widget_type=\"spacer.default\">\n\t\t\t\t<div class=\"elementor-widget-container\">\n\t\t\t\t\t\t\t<div class=\"elementor-spacer\">\n\t\t\t<div class=\"elementor-spacer-inner\"><\/div>\n\t\t<\/div>\n\t\t\t\t\t\t<\/div>\n\t\t\t\t<\/div>\n\t\t\t\t<div class=\"elementor-element elementor-element-2b0498c elementor-widget elementor-widget-text-editor\" data-id=\"2b0498c\" data-element_type=\"widget\" data-e-type=\"widget\" data-widget_type=\"text-editor.default\">\n\t\t\t\t<div class=\"elementor-widget-container\">\n\t\t\t\t\t\t\t\t\t<p style=\"text-align: justify;\">\u00a1Buenos d\u00edas! Mi nombre es Robert Ward Harris y soy el propietario y fundador de Medimar Homes.<\/p><p style=\"text-align: justify;\">Me mud\u00e9 a Espa\u00f1a en 2005 con mi familia a la edad de 16 a\u00f1os y no he mirado atr\u00e1s. Desde 2015, he estado involucrado en el mercado inmobiliario trabajando para una reconocida empresa local antes de crear Medimar Homes. Mudarme a Espa\u00f1a a una edad tan temprana me ha permitido integrarme completamente, lo que se debi\u00f3 en gran medida al lugar donde nos establecimos. La provincia de Almer\u00eda todav\u00eda ofrece una autenticidad lejos del turismo tipico de la costa.<\/p><p style=\"text-align: justify;\">Ahora, un poco de historia. Cuando nos mudamos a Espa\u00f1a, me pusieron de nuevo en la escuela secundaria, lo que me permiti\u00f3 no solo aprender a hablar espa\u00f1ol con fluidez, sino que tambi\u00e9n fue all\u00ed donde conoc\u00ed a mi maravillosa esposa Ani. Hemos estado juntos desde entonces y ahora tenemos dos hermosos hijos, Oliver y Santi.\u00a0<\/p><p style=\"text-align: justify;\">\u00a1En 2020 di el paso definitivo de integraci\u00f3n obteniendo la nacionalidad espa\u00f1ola!<\/p>\t\t\t\t\t\t\t\t<\/div>\n\t\t\t\t<\/div>\n\t\t\t\t<div class=\"elementor-element elementor-element-80d9ee4 elementor-widget-mobile__width-initial elementor-widget elementor-widget-image\" data-id=\"80d9ee4\" data-element_type=\"widget\" data-e-type=\"widget\" data-widget_type=\"image.default\">\n\t\t\t\t<div class=\"elementor-widget-container\">\n\t\t\t\t\t\t\t\t\t\t\t\t\t\t\t<img fetchpriority=\"high\" decoding=\"async\" width=\"768\" height=\"1024\" src=\"https:\/\/medimarhomes.com\/wp-content\/uploads\/2024\/06\/IMG_20220924_205856-768x1024.jpg\" class=\"attachment-large size-large wp-image-19287\" alt=\"\" srcset=\"https:\/\/medimarhomes.com\/wp-content\/uploads\/2024\/06\/IMG_20220924_205856-768x1024.jpg 768w, https:\/\/medimarhomes.com\/wp-content\/uploads\/2024\/06\/IMG_20220924_205856-225x300.jpg 225w, https:\/\/medimarhomes.com\/wp-content\/uploads\/2024\/06\/IMG_20220924_205856-1152x1536.jpg 1152w, https:\/\/medimarhomes.com\/wp-content\/uploads\/2024\/06\/IMG_20220924_205856-1536x2048.jpg 1536w, https:\/\/medimarhomes.com\/wp-content\/uploads\/2024\/06\/IMG_20220924_205856-9x12.jpg 9w, https:\/\/medimarhomes.com\/wp-content\/uploads\/2024\/06\/IMG_20220924_205856-450x600.jpg 450w, https:\/\/medimarhomes.com\/wp-content\/uploads\/2024\/06\/IMG_20220924_205856-496x661.jpg 496w, https:\/\/medimarhomes.com\/wp-content\/uploads\/2024\/06\/IMG_20220924_205856-scaled.jpg 1920w\" sizes=\"(max-width: 768px) 100vw, 768px\" \/>\t\t\t\t\t\t\t\t\t\t\t\t\t\t\t<\/div>\n\t\t\t\t<\/div>\n\t\t\t\t<div class=\"elementor-element elementor-element-dc09849 elementor-widget elementor-widget-spacer\" data-id=\"dc09849\" data-element_type=\"widget\" data-e-type=\"widget\" data-widget_type=\"spacer.default\">\n\t\t\t\t<div class=\"elementor-widget-container\">\n\t\t\t\t\t\t\t<div class=\"elementor-spacer\">\n\t\t\t<div class=\"elementor-spacer-inner\"><\/div>\n\t\t<\/div>\n\t\t\t\t\t\t<\/div>\n\t\t\t\t<\/div>\n\t\t\t\t<div class=\"elementor-element elementor-element-e72fe85 elementor-widget elementor-widget-spacer\" data-id=\"e72fe85\" data-element_type=\"widget\" data-e-type=\"widget\" data-widget_type=\"spacer.default\">\n\t\t\t\t<div class=\"elementor-widget-container\">\n\t\t\t\t\t\t\t<div class=\"elementor-spacer\">\n\t\t\t<div class=\"elementor-spacer-inner\"><\/div>\n\t\t<\/div>\n\t\t\t\t\t\t<\/div>\n\t\t\t\t<\/div>\n\t\t\t\t<div class=\"elementor-element elementor-element-c1cf759 elementor-widget__width-initial elementor-widget elementor-widget-heading\" data-id=\"c1cf759\" data-element_type=\"widget\" data-e-type=\"widget\" data-widget_type=\"heading.default\">\n\t\t\t\t<div class=\"elementor-widget-container\">\n\t\t\t\t\t<h2 class=\"elementor-heading-title elementor-size-default\"><font color=\"#54595f\" face=\"Abhaya Libre\"><span style=\"font-size: 50px;text-transform: none\">TESTIMONIALES<\/span><\/font><\/h2>\t\t\t\t<\/div>\n\t\t\t\t<\/div>\n\t\t\t\t<div class=\"elementor-element elementor-element-717c943 elementor-widget-divider--view-line elementor-widget elementor-widget-divider\" data-id=\"717c943\" data-element_type=\"widget\" data-e-type=\"widget\" data-widget_type=\"divider.default\">\n\t\t\t\t<div class=\"elementor-widget-container\">\n\t\t\t\t\t\t\t<div class=\"elementor-divider\">\n\t\t\t<span class=\"elementor-divider-separator\">\n\t\t\t\t\t\t<\/span>\n\t\t<\/div>\n\t\t\t\t\t\t<\/div>\n\t\t\t\t<\/div>\n\t\t\t\t<div class=\"elementor-element elementor-element-295ade1 elementor-widget elementor-widget-houzez_elementor_testimonials\" data-id=\"295ade1\" data-element_type=\"widget\" data-e-type=\"widget\" data-widget_type=\"houzez_elementor_testimonials.default\">\n\t\t\t\t<div class=\"elementor-widget-container\">\n\t\t\t\t\t\n            <div class=\"testimonials-module testimonials-module-slider-v1 testimonials-module-v1\">\n                <div class=\"testimonials-slider-wrap-v1 houzez-all-slider-wrap\">\n                    <div class=\"testimonial-item testimonial-item-v1\">\n\n\t\n\t\n\t<div class=\"testimonial-body\">\n\t\tUn servicio absolutamente fabuloso por parte de Rob de Medimar Homes. El servicio supera con creces lo que se espera de un agente inmobiliario. Compramos y vendimos nuestra propiedad con Medimar y estamos muy agradecidos por su excelente trabajo. Nuestra experiencia fue un verdadero placer de principio a fin. Rob vendi\u00f3 nuestra propiedad muy r\u00e1pido y quedamos muy impresionados con su moderna p\u00e1gina web. Las fotos y los v\u00eddeos que tom\u00f3 de nuestra propiedad fueron de primera calidad. Recomiendo ampliamente a Rob y a Medimar Homes. Gracias por hacer realidad nuestros sue\u00f1os.\t<\/div><!-- testimonial-body -->\n\t<div class=\"testimonial-info\">\n\t\t<div class=\"testimonial-name\">Keith &amp; Tracey Franks<\/div>\n\t\t<div class=\"testimonial-job\">\n\t\t\t\t\t<\/div>\n\t<\/div><!-- testimonial-info -->\n<\/div><!-- testimonial-item --><div class=\"testimonial-item testimonial-item-v1\">\n\n\t\n\t\n\t<div class=\"testimonial-body\">\n\t\tMuchas gracias Robert, todo el proceso de venta ha sido muy profesional y muy bien hecho todo. Gran vendedor, Gran amigo y sobre todo Gran persona, millones de gracias Robert por todo. Recomiendo a todo el mundo que quiera vender o comprar una propiedad que lo haga con Medimar Homes y estoy seguro que ser\u00e1 un \u00e9xito para todos. Un abrazo enorme a toda la familia de Medimar Homes\t<\/div><!-- testimonial-body -->\n\t<div class=\"testimonial-info\">\n\t\t<div class=\"testimonial-name\">Antonio Cat\u00f3n<\/div>\n\t\t<div class=\"testimonial-job\">\n\t\t\t\t\t<\/div>\n\t<\/div><!-- testimonial-info -->\n<\/div><!-- testimonial-item --><div class=\"testimonial-item testimonial-item-v1\">\n\n\t\n\t\n\t<div class=\"testimonial-body\">\n\t\tExcelente experiencia con Robert ward, excelente gestor inmobiliario. Hoy hemos finalizado la venta de nuestro apartamento con Robert y no ha podido ir mejor. Ha vendido nuestro apartamento de Vera en dos meses y medio. Toda la operaci\u00f3n s\u00faper f\u00e1cil y c\u00f3moda con \u00e9l.\nLo recomiendo a todas las personas que quieran comprar o vender su vivienda en Almer\u00eda.\nGracias Robert!!!!\t<\/div><!-- testimonial-body -->\n\t<div class=\"testimonial-info\">\n\t\t<div class=\"testimonial-name\">Miguel Lopez<\/div>\n\t\t<div class=\"testimonial-job\">\n\t\t\t\t\t<\/div>\n\t<\/div><!-- testimonial-info -->\n<\/div><!-- testimonial-item --><div class=\"testimonial-item testimonial-item-v1\">\n\n\t\n\t\n\t<div class=\"testimonial-body\">\n\t\tExcelente trato y muy profesional.\t<\/div><!-- testimonial-body -->\n\t<div class=\"testimonial-info\">\n\t\t<div class=\"testimonial-name\">Francisco Fernandez<\/div>\n\t\t<div class=\"testimonial-job\">\n\t\t\t\t\t<\/div>\n\t<\/div><!-- testimonial-info -->\n<\/div><!-- testimonial-item --><div class=\"testimonial-item testimonial-item-v1\">\n\n\t\n\t\n\t<div class=\"testimonial-body\">\n\t\tMedimar Homes es una empresa fant\u00e1stica. Robert es una persona informada, amable y profesional con amplia experiencia en la venta de propiedades. Se esmer\u00f3 en guiarnos en la compra de nuestro apartamento en Palomares. Nada le supuso un problema, y \u200b\u200badem\u00e1s, nos regal\u00f3 una preciosa cesta de bienvenida al finalizar la venta. Recomendamos ampliamente Medimar Homes con Robert al mando.\t<\/div><!-- testimonial-body -->\n\t<div class=\"testimonial-info\">\n\t\t<div class=\"testimonial-name\">Jacqueline Willbourne<\/div>\n\t\t<div class=\"testimonial-job\">\n\t\t\t\t\t<\/div>\n\t<\/div><!-- testimonial-info -->\n<\/div><!-- testimonial-item --><div class=\"testimonial-item testimonial-item-v1\">\n\n\t\n\t\n\t<div class=\"testimonial-body\">\n\t\tRobert vendi\u00f3 mi propiedad en Palomares. Todo fue muy bien, la venta se complet\u00f3 en un mes. Las fotos son incre\u00edbles y usa un dron para tomar las fotos exteriores, \u00a1incre\u00edble! Robert es una persona encantador y eso tambi\u00e9n ayuda.\t<\/div><!-- testimonial-body -->\n\t<div class=\"testimonial-info\">\n\t\t<div class=\"testimonial-name\">Sue Smith<\/div>\n\t\t<div class=\"testimonial-job\">\n\t\t\t\t\t<\/div>\n\t<\/div><!-- testimonial-info -->\n<\/div><!-- testimonial-item --><div class=\"testimonial-item testimonial-item-v1\">\n\n\t\n\t\n\t<div class=\"testimonial-body\">\n\t\tMuy muy profesional, muy atento y responsable, me hubiera gustado hacer la venta con el.\t<\/div><!-- testimonial-body -->\n\t<div class=\"testimonial-info\">\n\t\t<div class=\"testimonial-name\">Daniel Pinto<\/div>\n\t\t<div class=\"testimonial-job\">\n\t\t\t\t\t<\/div>\n\t<\/div><!-- testimonial-info -->\n<\/div><!-- testimonial-item --><div class=\"testimonial-item testimonial-item-v1\">\n\n\t\n\t\n\t<div class=\"testimonial-body\">\n\t\tExcelente profesional. Agradable, atento y pendiente de los detalles. Un placer haber comprado casa en Vera con su mediaci\u00f3n. 100% recomendable.\t<\/div><!-- testimonial-body -->\n\t<div class=\"testimonial-info\">\n\t\t<div class=\"testimonial-name\">Enrique Eseberri<\/div>\n\t\t<div class=\"testimonial-job\">\n\t\t\t\t\t<\/div>\n\t<\/div><!-- testimonial-info -->\n<\/div><!-- testimonial-item --><div class=\"testimonial-item testimonial-item-v1\">\n\n\t\n\t\n\t<div class=\"testimonial-body\">\n\t\tEstoy muy contenta con Medimar Homes. Robert y Ani han hecho un trabajo fant\u00e1stico para m\u00ed. Una empresa muy profesional y muy recomendable.\t<\/div><!-- testimonial-body -->\n\t<div class=\"testimonial-info\">\n\t\t<div class=\"testimonial-name\">Stephen Gane<\/div>\n\t\t<div class=\"testimonial-job\">\n\t\t\t\t\t<\/div>\n\t<\/div><!-- testimonial-info -->\n<\/div><!-- testimonial-item --><div class=\"testimonial-item testimonial-item-v1\">\n\n\t\n\t\n\t<div class=\"testimonial-body\">\n\t\tRob me ayud\u00f3 a comprar mi apartamento y me gui\u00f3 durante todo el proceso. Fue muy f\u00e1cil con la orientaci\u00f3n de Rob. Cuando lleg\u00f3 el momento de vender mi apartamento, eleg\u00ed a Rob y el proceso se volvi\u00f3 a simplificar. Es muy amable y accesible y tiene excelentes habilidades de comunicaci\u00f3n; recibimos actualizaciones peri\u00f3dicas durante toda la venta. Muy recomendable.\t<\/div><!-- testimonial-body -->\n\t<div class=\"testimonial-info\">\n\t\t<div class=\"testimonial-name\">David Brown<\/div>\n\t\t<div class=\"testimonial-job\">\n\t\t\t\t\t<\/div>\n\t<\/div><!-- testimonial-info -->\n<\/div><!-- testimonial-item --><div class=\"testimonial-item testimonial-item-v1\">\n\n\t\n\t\n\t<div class=\"testimonial-body\">\n\t\tRoberto nos vendi\u00f3 nuestra casa en Vera ,Valle del Este y luego cuando la pusimos a.la venta tambi\u00e9n contamos con \u00e9l. Hace muy buena publicidad y siempre est\u00e1 atento a tus preocupaciones, asesorandote y d\u00e1ndote tranquilidad hasta el momento oportuno. Lleva a\u00f1os gestionando la venta de inmuebles, muy conocido en la zona y alrededores. Muy recomendable.\t<\/div><!-- testimonial-body -->\n\t<div class=\"testimonial-info\">\n\t\t<div class=\"testimonial-name\">Inma Jimenez<\/div>\n\t\t<div class=\"testimonial-job\">\n\t\t\t\t\t<\/div>\n\t<\/div><!-- testimonial-info -->\n<\/div><!-- testimonial-item --><div class=\"testimonial-item testimonial-item-v1\">\n\n\t\n\t\n\t<div class=\"testimonial-body\">\n\t\tExcelente servicio, muy amables, muy serviciales y eficientes.\t<\/div><!-- testimonial-body -->\n\t<div class=\"testimonial-info\">\n\t\t<div class=\"testimonial-name\">Jay Cathcart<\/div>\n\t\t<div class=\"testimonial-job\">\n\t\t\t\t\t<\/div>\n\t<\/div><!-- testimonial-info -->\n<\/div><!-- testimonial-item --><div class=\"testimonial-item testimonial-item-v1\">\n\n\t\n\t\n\t<div class=\"testimonial-body\">\n\t\tGrandes profesionales con un conocimiento profundo del mercado. Atentos, serviciales y dispuestos a facilitar la compra y la venta.Sin duda muy recomendables.\t<\/div><!-- testimonial-body -->\n\t<div class=\"testimonial-info\">\n\t\t<div class=\"testimonial-name\">Maria Maroto<\/div>\n\t\t<div class=\"testimonial-job\">\n\t\t\t\t\t<\/div>\n\t<\/div><!-- testimonial-info -->\n<\/div><!-- testimonial-item --><div class=\"testimonial-item testimonial-item-v1\">\n\n\t\n\t\n\t<div class=\"testimonial-body\">\n\t\tRecomiendo de todo coraz\u00f3n los servicios de Medimar Homes, ubicados en Vera Playa. Desde el principio, el servicio excepcional de Robert super\u00f3 mis expectativas. No solo me gui\u00f3 a trav\u00e9s del proceso de ver propiedades, sino que tambi\u00e9n me proporcion\u00f3 contactos invaluables que hicieron realidad mi sue\u00f1o de tener un lugar bajo el sol. Lo que realmente lo distingue es su \u00e9tica: un compromiso inquebrantable con la excelencia, combinado con un nivel de amabilidad y profesionalismo que es dif\u00edcil de encontrar. Se hizo cargo de cada detalle, asegur\u00e1ndose de que todo el proceso se desarrollara sin problemas de principio a fin. No puedo agradecerle lo suficiente por su dedicaci\u00f3n, e insto a cualquiera que busque comprar o vender una propiedad en el \u00e1rea a que conf\u00ede completamente en \u00e9l.\t<\/div><!-- testimonial-body -->\n\t<div class=\"testimonial-info\">\n\t\t<div class=\"testimonial-name\">Sandra Granda<\/div>\n\t\t<div class=\"testimonial-job\">\n\t\t\t\t\t<\/div>\n\t<\/div><!-- testimonial-info -->\n<\/div><!-- testimonial-item --><div class=\"testimonial-item testimonial-item-v1\">\n\n\t\n\t\n\t<div class=\"testimonial-body\">\n\t\tUna persona amable, dispuesta y allanando el camino para satisfacer al cliente. Gracias!\t<\/div><!-- testimonial-body -->\n\t<div class=\"testimonial-info\">\n\t\t<div class=\"testimonial-name\">Paqui Falco<\/div>\n\t\t<div class=\"testimonial-job\">\n\t\t\t\t\t<\/div>\n\t<\/div><!-- testimonial-info -->\n<\/div><!-- testimonial-item --><div class=\"testimonial-item testimonial-item-v1\">\n\n\t\n\t\n\t<div class=\"testimonial-body\">\n\t\tComprar una vivienda, nunca lo hab\u00eda tenido tan f\u00e1cil, tan personalizada, tan pendiente del cliente para su satisfacci\u00f3n. En Medimar Homes, no venden casas, venden hogares, gracias por todo!\t<\/div><!-- testimonial-body -->\n\t<div class=\"testimonial-info\">\n\t\t<div class=\"testimonial-name\">Jose Maria Gilabert<\/div>\n\t\t<div class=\"testimonial-job\">\n\t\t\t\t\t<\/div>\n\t<\/div><!-- testimonial-info -->\n<\/div><!-- testimonial-item --><div class=\"testimonial-item testimonial-item-v1\">\n\n\t\n\t\n\t<div class=\"testimonial-body\">\n\t\tRecientemente vendimos nuestro apartamento en Palomares a trav\u00e9s de Medimar Homes y todo el proceso fue excelente. Robert nos consigui\u00f3 una oferta en la primera visita y luego realmente nos ayud\u00f3 a guiar el proceso hasta su finalizaci\u00f3n sin ning\u00fan problema. Recomiendo encarecidamente a cualquiera que est\u00e9 pensando en comprar o vender que hable con Medimar Homes.\t<\/div><!-- testimonial-body -->\n\t<div class=\"testimonial-info\">\n\t\t<div class=\"testimonial-name\">Richard Angiolini<\/div>\n\t\t<div class=\"testimonial-job\">\n\t\t\t\t\t<\/div>\n\t<\/div><!-- testimonial-info -->\n<\/div><!-- testimonial-item -->                <\/div><!-- testimonials-slider -->\n            <\/div><!-- testimonials-module -->\n\n        \n\n        \t\t\t\t<\/div>\n\t\t\t\t<\/div>\n\t\t\t\t\t<\/div>\n\t\t<\/div>\n\t\t\t\t\t<\/div>\n\t\t<\/section>\n\t\t\t\t<\/div>","protected":false},"excerpt":{"rendered":"<p>About Us Medimar Homes is a family run business setup in 2024 focusing on properties located on the coastline of the province of Almer\u00eda, Andaluc\u00eda. Our goal is to help both vendors and buyers realise their dream outcome with a no-nonsense approach to Real Estate.&nbsp; MEDIMAR HOMES At Medimar Homes our approach to real estate [&hellip;]<\/p>\n","protected":false},"author":1,"featured_media":0,"parent":0,"menu_order":0,"comment_status":"closed","ping_status":"closed","template":"template\/template-homepage.php","meta":{"content-type":"","om_disable_all_campaigns":false,"_monsterinsights_skip_tracking":false,"_monsterinsights_sitenote_active":false,"_monsterinsights_sitenote_note":"","_monsterinsights_sitenote_category":0,"footnotes":""},"class_list":["post-19384","page","type-page","status-publish","hentry"],"_links":{"self":[{"href":"https:\/\/medimarhomes.com\/es\/wp-json\/wp\/v2\/pages\/19384","targetHints":{"allow":["GET"]}}],"collection":[{"href":"https:\/\/medimarhomes.com\/es\/wp-json\/wp\/v2\/pages"}],"about":[{"href":"https:\/\/medimarhomes.com\/es\/wp-json\/wp\/v2\/types\/page"}],"author":[{"embeddable":true,"href":"https:\/\/medimarhomes.com\/es\/wp-json\/wp\/v2\/users\/1"}],"replies":[{"embeddable":true,"href":"https:\/\/medimarhomes.com\/es\/wp-json\/wp\/v2\/comments?post=19384"}],"version-history":[{"count":65,"href":"https:\/\/medimarhomes.com\/es\/wp-json\/wp\/v2\/pages\/19384\/revisions"}],"predecessor-version":[{"id":26409,"href":"https:\/\/medimarhomes.com\/es\/wp-json\/wp\/v2\/pages\/19384\/revisions\/26409"}],"wp:attachment":[{"href":"https:\/\/medimarhomes.com\/es\/wp-json\/wp\/v2\/media?parent=19384"}],"curies":[{"name":"wp","href":"https:\/\/api.w.org\/{rel}","templated":true}]}}