{"id":18254,"date":"2023-08-08T18:20:17","date_gmt":"2023-08-08T16:20:17","guid":{"rendered":"https:\/\/medimarhomes.com\/?page_id=18254"},"modified":"2025-10-15T13:12:55","modified_gmt":"2025-10-15T11:12:55","slug":"san-juan-de-los-terreros","status":"publish","type":"page","link":"https:\/\/medimarhomes.com\/es\/san-juan-de-los-terreros\/","title":{"rendered":"\ud83c\udf05 San Juan de los Terreros \u2013 Tranquil Coastal Living in Almer\u00eda"},"content":{"rendered":"\t\t<div data-elementor-type=\"wp-page\" data-elementor-id=\"18254\" class=\"elementor elementor-18254\">\n\t\t\t\t\t\t<section class=\"elementor-section elementor-top-section elementor-element elementor-element-44c4f46 elementor-section-boxed elementor-section-height-default elementor-section-height-default\" data-id=\"44c4f46\" data-element_type=\"section\" data-e-type=\"section\">\n\t\t\t\t\t\t<div class=\"elementor-container elementor-column-gap-default\">\n\t\t\t\t\t<div class=\"elementor-column elementor-col-100 elementor-top-column elementor-element elementor-element-81e4e24\" data-id=\"81e4e24\" data-element_type=\"column\" data-e-type=\"column\">\n\t\t\t<div class=\"elementor-widget-wrap elementor-element-populated\">\n\t\t\t\t\t\t<div class=\"elementor-element elementor-element-bf4c215 elementor-widget elementor-widget-text-editor\" data-id=\"bf4c215\" data-element_type=\"widget\" data-e-type=\"widget\" data-widget_type=\"text-editor.default\">\n\t\t\t\t<div class=\"elementor-widget-container\">\n\t\t\t\t\t\t\t\t\t<p style=\"text-align: justify;\" data-start=\"154\" data-end=\"268\"><span class=\"relative -mx-px my-[-0.2rem] rounded px-px py-[0.2rem] transition-colors duration-100 ease-in-out\">Nestled along the eastern coast of Almer\u00eda, <strong data-start=\"44\" data-end=\"72\">San Juan de los Terreros<\/strong> is a picturesque village known for its pristine beaches, rich history, and relaxed Mediterranean lifestyle.<\/span> <span class=\"relative -mx-px my-[-0.2rem] rounded px-px py-[0.2rem] transition-colors duration-100 ease-in-out\">Often referred to as the &#8220;last beach of Andalusia&#8221; before entering Murcia, it offers a serene environment ideal for both holidaymakers and permanent residents.<\/span><\/p><p style=\"text-align: justify;\" data-start=\"154\" data-end=\"268\"><\/p>\n<h3 style=\"text-align: justify;\" data-start=\"275\" data-end=\"310\"><br><\/h3><h3 style=\"text-align: justify;\" data-start=\"275\" data-end=\"310\"><img decoding=\"async\" class=\"emoji\" role=\"img\" draggable=\"false\" src=\"https:\/\/s.w.org\/images\/core\/emoji\/16.0.1\/svg\/1f4cd.svg\" alt=\"\ud83d\udccd\"> <strong data-start=\"282\" data-end=\"310\">Location &amp; Accessibility<\/strong><\/h3><div><strong data-start=\"282\" data-end=\"310\"><br><\/strong><\/div>\n<ul style=\"text-align: justify;\" data-start=\"312\" data-end=\"848\">\n<li data-start=\"312\" data-end=\"422\">\n<p data-start=\"314\" data-end=\"422\"><strong data-start=\"314\" data-end=\"342\">Proximity to Major Towns<\/strong>: <span class=\"relative -mx-px my-[-0.2rem] rounded px-px py-[0.2rem] transition-colors duration-100 ease-in-out\">Located near the border of Andalusia and Murcia, it&#8217;s close to \u00c1guilas (Murcia) and Pulp\u00ed (Almer\u00eda).<\/span><\/p>\n<\/li>\n<li data-start=\"424\" data-end=\"746\">\n<p data-start=\"426\" data-end=\"439\"><strong data-start=\"426\" data-end=\"438\">Airports<\/strong>:<\/p>\n<ul data-start=\"442\" data-end=\"746\">\n<li data-start=\"442\" data-end=\"527\">\n<p data-start=\"444\" data-end=\"527\"><strong data-start=\"444\" data-end=\"486\">Region de Murcia International Airport<\/strong>: <span class=\"relative -mx-px my-[-0.2rem] rounded px-px py-[0.2rem] transition-colors duration-100 ease-in-out\">Approximately 68 km away.<\/span><\/p>\n<\/li>\n<li data-start=\"530\" data-end=\"592\">\n<p data-start=\"532\" data-end=\"592\"><strong data-start=\"532\" data-end=\"551\">Almer\u00eda Airport<\/strong>: <span class=\"relative -mx-px my-[-0.2rem] rounded px-px py-[0.2rem] transition-colors duration-100 ease-in-out\">Around 85 km distance.<\/span><\/p>\n<\/li>\n<li data-start=\"595\" data-end=\"746\">\n<p data-start=\"597\" data-end=\"746\"><strong data-start=\"597\" data-end=\"626\">Murcia-San Javier Airport<\/strong>: <span class=\"relative -mx-px my-[-0.2rem] rounded px-px py-[0.2rem] transition-colors duration-100 ease-in-out\">Approximately 88 km away.<\/span><\/p>\n<\/li>\n<\/ul>\n<\/li>\n<li data-start=\"748\" data-end=\"848\">\n<p data-start=\"750\" data-end=\"848\"><strong data-start=\"750\" data-end=\"768\">Transportation<\/strong>: <span class=\"relative -mx-px my-[-0.2rem] rounded px-px py-[0.2rem] transition-colors duration-100 ease-in-out\">Accessible via the AP-7 motorway and local roads, with public transport options connecting to nearby towns.<\/span><\/p>\n<\/li>\n<\/ul>\n<div style=\"text-align: justify;\">&nbsp;<\/div>\n<h3 style=\"text-align: justify;\" data-start=\"855\" data-end=\"882\"><img decoding=\"async\" class=\"emoji\" role=\"img\" draggable=\"false\" src=\"https:\/\/s.w.org\/images\/core\/emoji\/16.0.1\/svg\/1f3d8.svg\" alt=\"\ud83c\udfd8\ufe0f\"> <strong data-start=\"863\" data-end=\"882\">Property Market<\/strong><\/h3>\n<div style=\"text-align: justify;\"><strong data-start=\"863\" data-end=\"882\">&nbsp;<\/strong><\/div>\n<p style=\"text-align: justify;\" data-start=\"884\" data-end=\"962\"><span class=\"relative -mx-px my-[-0.2rem] rounded px-px py-[0.2rem] transition-colors duration-100 ease-in-out\">San Juan de los Terreros offers a diverse range of properties, catering to various preferences and budgets:<\/span><\/p>\n<ul style=\"text-align: justify;\" data-start=\"964\" data-end=\"1378\">\n<li data-start=\"964\" data-end=\"1100\">\n<p data-start=\"966\" data-end=\"1100\"><strong data-start=\"966\" data-end=\"980\">Apartments<\/strong>: <span class=\"relative -mx-px my-[-0.2rem] rounded px-px py-[0.2rem] transition-colors duration-100 ease-in-out\">Offering options close to the beach and amenities.<\/span><\/p>\n<\/li>\n<li data-start=\"1102\" data-end=\"1234\">\n<p data-start=\"1104\" data-end=\"1234\"><strong data-start=\"1104\" data-end=\"1114\">Villas<\/strong>: <span class=\"relative -mx-px my-[-0.2rem] rounded px-px py-[0.2rem] transition-colors duration-100 ease-in-out\">Modern villas with private pools are available.<\/span><\/p>\n<\/li>\n<li data-start=\"1236\" data-end=\"1378\">\n<p data-start=\"1238\" data-end=\"1378\"><strong data-start=\"1238\" data-end=\"1258\">New Developments<\/strong>: <span class=\"relative -mx-px my-[-0.2rem] rounded px-px py-[0.2rem] transition-colors duration-100 ease-in-out\">Contemporary residential complexes like Mar de Pulp\u00ed offer bungalows and apartments just 250 meters from the beach.<\/span><\/p>\n<\/li>\n<\/ul>\n<p style=\"text-align: justify;\" data-start=\"1380\" data-end=\"1458\"><span class=\"relative -mx-px my-[-0.2rem] rounded px-px py-[0.2rem] transition-colors duration-100 ease-in-out\">The area is experiencing growth, making it an attractive option for investment and relocation.<\/span><\/p>\n<p style=\"text-align: justify;\" data-start=\"1380\" data-end=\"1458\"><span class=\"relative -mx-px my-[-0.2rem] rounded px-px py-[0.2rem] transition-colors duration-100 ease-in-out\">&nbsp;<\/span><\/p>\n<h3 style=\"text-align: justify;\" data-start=\"1465\" data-end=\"1498\"><img decoding=\"async\" class=\"emoji\" role=\"img\" draggable=\"false\" src=\"https:\/\/s.w.org\/images\/core\/emoji\/16.0.1\/svg\/1f6cd.svg\" alt=\"\ud83d\udecd\ufe0f\"> <strong data-start=\"1473\" data-end=\"1498\">Amenities &amp; Lifestyle<\/strong><\/h3>\n<div style=\"text-align: justify;\"><strong data-start=\"1473\" data-end=\"1498\">&nbsp;<\/strong><\/div>\n<ul style=\"text-align: justify;\" data-start=\"1500\" data-end=\"1936\">\n<li data-start=\"1500\" data-end=\"1603\">\n<p data-start=\"1502\" data-end=\"1603\"><strong data-start=\"1502\" data-end=\"1523\">Shopping &amp; Dining<\/strong>: <span class=\"relative -mx-px my-[-0.2rem] rounded px-px py-[0.2rem] transition-colors duration-100 ease-in-out\">A selection of supermarkets, local shops, and a variety of restaurants and beach bars serving traditional Spanish cuisine.<\/span><\/p>\n<\/li>\n<li data-start=\"1605\" data-end=\"1701\">\n<p data-start=\"1607\" data-end=\"1701\"><strong data-start=\"1607\" data-end=\"1621\">Healthcare<\/strong>: <span class=\"relative -mx-px my-[-0.2rem] rounded px-px py-[0.2rem] transition-colors duration-100 ease-in-out\">Local medical centers are available, with larger hospitals in nearby \u00c1guilas and Pulp\u00ed.<\/span><\/p>\n<\/li>\n<li data-start=\"1703\" data-end=\"1798\">\n<p data-start=\"1705\" data-end=\"1798\"><strong data-start=\"1705\" data-end=\"1718\">Education<\/strong>: <span class=\"relative -mx-px my-[-0.2rem] rounded px-px py-[0.2rem] transition-colors duration-100 ease-in-out\">Schools are accessible in the surrounding towns, catering to different educational needs.<\/span><\/p>\n<\/li>\n<li data-start=\"1800\" data-end=\"1936\">\n<p data-start=\"1802\" data-end=\"1936\"><strong data-start=\"1802\" data-end=\"1816\">Recreation<\/strong>: <span class=\"relative -mx-px my-[-0.2rem] rounded px-px py-[0.2rem] transition-colors duration-100 ease-in-out\">The village offers a range of activities, from water sports to hiking trails leading to natural attractions like the Pulp\u00ed Geode.<\/span><\/p>\n<\/li>\n<\/ul>\n<div style=\"text-align: justify;\">&nbsp;<\/div>\n<h3 style=\"text-align: justify;\" data-start=\"1943\" data-end=\"1984\"><img decoding=\"async\" class=\"emoji\" role=\"img\" draggable=\"false\" src=\"https:\/\/s.w.org\/images\/core\/emoji\/16.0.1\/svg\/1f3d6.svg\" alt=\"\ud83c\udfd6\ufe0f\"> <strong data-start=\"1951\" data-end=\"1984\">Beaches &amp; Natural Attractions<\/strong><\/h3>\n<div style=\"text-align: justify;\"><strong data-start=\"1951\" data-end=\"1984\">&nbsp;<\/strong><\/div>\n<p style=\"text-align: justify;\" data-start=\"1986\" data-end=\"2064\"><span class=\"relative -mx-px my-[-0.2rem] rounded px-px py-[0.2rem] transition-colors duration-100 ease-in-out\">San Juan de los Terreros boasts several beautiful beaches and natural sites:<\/span><\/p>\n<ul style=\"text-align: justify;\" data-start=\"2066\" data-end=\"2677\">\n<li data-start=\"2066\" data-end=\"2199\">\n<p data-start=\"2068\" data-end=\"2199\"><strong data-start=\"2068\" data-end=\"2079\">Beaches<\/strong>: <span class=\"relative -mx-px my-[-0.2rem] rounded px-px py-[0.2rem] transition-colors duration-100 ease-in-out\">Family-friendly beaches with calm waters, ideal for swimming and relaxation.<\/span><\/p>\n<\/li>\n<li data-start=\"2201\" data-end=\"2363\">\n<p data-start=\"2203\" data-end=\"2363\"><strong data-start=\"2203\" data-end=\"2243\">Castillo de San Juan de los Terreros<\/strong>: <span class=\"relative -mx-px my-[-0.2rem] rounded px-px py-[0.2rem] transition-colors duration-100 ease-in-out\">A historic 18th-century castle offering panoramic views of the coastline.<\/span><\/p>\n<\/li>\n<li data-start=\"2365\" data-end=\"2536\">\n<p data-start=\"2367\" data-end=\"2536\"><strong data-start=\"2367\" data-end=\"2416\">Terreros Island-Black Island Natural Monument<\/strong>: <span class=\"relative -mx-px my-[-0.2rem] rounded px-px py-[0.2rem] transition-colors duration-100 ease-in-out\">Two small volcanic islets opposite the coast, designated as a natural monument.<\/span><\/p>\n<\/li>\n<li data-start=\"2538\" data-end=\"2677\">\n<p data-start=\"2540\" data-end=\"2677\"><strong data-start=\"2540\" data-end=\"2557\">Hiking Trails<\/strong>: <span class=\"relative -mx-px my-[-0.2rem] rounded px-px py-[0.2rem] transition-colors duration-100 ease-in-out\">Well-marked trails like Sendero La Geoda and Sendero Los Nardos provide opportunities to explore the area&#8217;s natural beauty.<\/span><\/p>\n<\/li>\n<\/ul>\n<div style=\"text-align: justify;\">&nbsp;<\/div>\n<h3 style=\"text-align: justify;\" data-start=\"2684\" data-end=\"2731\"><img decoding=\"async\" class=\"emoji\" role=\"img\" draggable=\"false\" src=\"https:\/\/s.w.org\/images\/core\/emoji\/16.0.1\/svg\/1f31f.svg\" alt=\"\ud83c\udf1f\"> <strong data-start=\"2691\" data-end=\"2731\">Why Choose San Juan de los Terreros?<\/strong><\/h3>\n<div style=\"text-align: justify;\"><strong data-start=\"2691\" data-end=\"2731\">&nbsp;<\/strong><\/div>\n<ul style=\"text-align: justify;\" data-start=\"2733\" data-end=\"3157\">\n<li data-start=\"2733\" data-end=\"2839\">\n<p data-start=\"2735\" data-end=\"2839\"><strong data-start=\"2735\" data-end=\"2759\">Tranquil Environment<\/strong>: <span class=\"relative -mx-px my-[-0.2rem] rounded px-px py-[0.2rem] transition-colors duration-100 ease-in-out\">A peaceful village atmosphere, ideal for those seeking a relaxed lifestyle.<\/span><\/p>\n<\/li>\n<li data-start=\"2841\" data-end=\"2943\">\n<p data-start=\"2843\" data-end=\"2943\"><strong data-start=\"2843\" data-end=\"2861\">Natural Beauty<\/strong>: <span class=\"relative -mx-px my-[-0.2rem] rounded px-px py-[0.2rem] transition-colors duration-100 ease-in-out\">Stunning beaches, natural monuments, and scenic hiking trails.<\/span><\/p>\n<\/li>\n<li data-start=\"2945\" data-end=\"3052\">\n<p data-start=\"2947\" data-end=\"3052\"><strong data-start=\"2947\" data-end=\"2968\">Growing Community<\/strong>: <span class=\"relative -mx-px my-[-0.2rem] rounded px-px py-[0.2rem] transition-colors duration-100 ease-in-out\">An emerging area with increasing property developments and amenities.<\/span><\/p>\n<\/li>\n<li data-start=\"3054\" data-end=\"3157\">\n<p data-start=\"3056\" data-end=\"3157\"><strong data-start=\"3056\" data-end=\"3073\">Accessibility<\/strong>: <span class=\"relative -mx-px my-[-0.2rem] rounded px-px py-[0.2rem] transition-colors duration-100 ease-in-out\">Proximity to major towns and airports, ensuring connectivity without compromising tranquility.<\/span><\/p>\n<\/li>\n<\/ul>\n<div style=\"text-align: justify;\">&nbsp;<\/div>\n<p style=\"text-align: justify;\" data-start=\"3164\" data-end=\"3246\"><span class=\"relative -mx-px my-[-0.2rem] rounded px-px py-[0.2rem] transition-colors duration-100 ease-in-out\">Whether you&#8217;re looking for a holiday home, a retirement destination, or an investment opportunity, <strong data-start=\"99\" data-end=\"127\">San Juan de los Terreros<\/strong> offers a unique blend of coastal charm, natural beauty, and a welcoming community.<\/span><\/p>\n<p style=\"text-align: justify;\" data-start=\"3248\" data-end=\"3374\">If you need assistance with property listings or further information about life in San Juan de los Terreros, feel free to ask!<\/p>\t\t\t\t\t\t\t\t<\/div>\n\t\t\t\t<\/div>\n\t\t\t\t\t<\/div>\n\t\t<\/div>\n\t\t\t\t\t<\/div>\n\t\t<\/section>\n\t\t\t\t<section class=\"elementor-section elementor-top-section elementor-element elementor-element-bcd585d elementor-section-boxed elementor-section-height-default elementor-section-height-default\" data-id=\"bcd585d\" data-element_type=\"section\" data-e-type=\"section\">\n\t\t\t\t\t\t<div class=\"elementor-container elementor-column-gap-default\">\n\t\t\t\t\t<div class=\"elementor-column elementor-col-100 elementor-top-column elementor-element elementor-element-4580fc8\" data-id=\"4580fc8\" data-element_type=\"column\" data-e-type=\"column\">\n\t\t\t<div class=\"elementor-widget-wrap elementor-element-populated\">\n\t\t\t\t\t\t<div class=\"elementor-element elementor-element-0ebc3ef elementor-widget-divider--view-line elementor-widget elementor-widget-divider\" data-id=\"0ebc3ef\" data-element_type=\"widget\" data-e-type=\"widget\" data-widget_type=\"divider.default\">\n\t\t\t\t<div class=\"elementor-widget-container\">\n\t\t\t\t\t\t\t<div class=\"elementor-divider\">\n\t\t\t<span class=\"elementor-divider-separator\">\n\t\t\t\t\t\t<\/span>\n\t\t<\/div>\n\t\t\t\t\t\t<\/div>\n\t\t\t\t<\/div>\n\t\t\t\t<div class=\"elementor-element elementor-element-f9e056f elementor-widget elementor-widget-heading\" data-id=\"f9e056f\" data-element_type=\"widget\" data-e-type=\"widget\" data-widget_type=\"heading.default\">\n\t\t\t\t<div class=\"elementor-widget-container\">\n\t\t\t\t\t<h2 class=\"elementor-heading-title elementor-size-default\">properties for sale in san juan de los terreros<\/h2>\t\t\t\t<\/div>\n\t\t\t\t<\/div>\n\t\t\t\t<div class=\"elementor-element elementor-element-56bcde6 elementor-widget elementor-widget-text-editor\" data-id=\"56bcde6\" data-element_type=\"widget\" data-e-type=\"widget\" data-widget_type=\"text-editor.default\">\n\t\t\t\t<div class=\"elementor-widget-container\">\n\t\t\t\t\t\t\t\t\t<p style=\"text-align: center;\"><span style=\"text-align: center;\">Explore the properties that we currently have for sale in San Juan de los Terreros.<\/span><\/p>\t\t\t\t\t\t\t\t<\/div>\n\t\t\t\t<\/div>\n\t\t\t\t<div class=\"elementor-element elementor-element-cf9936c elementor-align-center elementor-widget elementor-widget-button\" data-id=\"cf9936c\" data-element_type=\"widget\" data-e-type=\"widget\" data-widget_type=\"button.default\">\n\t\t\t\t<div class=\"elementor-widget-container\">\n\t\t\t\t\t\t\t\t\t<div class=\"elementor-button-wrapper\">\n\t\t\t\t\t<a class=\"elementor-button elementor-button-link elementor-size-sm\" href=\"https:\/\/medimarhomes.com\/search-results\/?location%5B%5D=san-juan-de-los-terreros&#038;bedrooms=&#038;max-price=&#038;property_id=\">\n\t\t\t\t\t\t<span class=\"elementor-button-content-wrapper\">\n\t\t\t\t\t\t\t\t\t<span class=\"elementor-button-text\">VIEW ALL PROPERTIES<\/span>\n\t\t\t\t\t<\/span>\n\t\t\t\t\t<\/a>\n\t\t\t\t<\/div>\n\t\t\t\t\t\t\t\t<\/div>\n\t\t\t\t<\/div>\n\t\t\t\t<div class=\"elementor-element elementor-element-17f3c2d elementor-widget-divider--view-line elementor-widget elementor-widget-divider\" data-id=\"17f3c2d\" data-element_type=\"widget\" data-e-type=\"widget\" data-widget_type=\"divider.default\">\n\t\t\t\t<div class=\"elementor-widget-container\">\n\t\t\t\t\t\t\t<div class=\"elementor-divider\">\n\t\t\t<span class=\"elementor-divider-separator\">\n\t\t\t\t\t\t<\/span>\n\t\t<\/div>\n\t\t\t\t\t\t<\/div>\n\t\t\t\t<\/div>\n\t\t\t\t<div class=\"elementor-element elementor-element-ccc16bc elementor-widget elementor-widget-heading\" data-id=\"ccc16bc\" data-element_type=\"widget\" data-e-type=\"widget\" data-widget_type=\"heading.default\">\n\t\t\t\t<div class=\"elementor-widget-container\">\n\t\t\t\t\t<h2 class=\"elementor-heading-title elementor-size-default\">google maps<\/h2>\t\t\t\t<\/div>\n\t\t\t\t<\/div>\n\t\t\t\t<div class=\"elementor-element elementor-element-0a3e964 elementor-widget elementor-widget-google_maps\" data-id=\"0a3e964\" data-element_type=\"widget\" data-e-type=\"widget\" data-widget_type=\"google_maps.default\">\n\t\t\t\t<div class=\"elementor-widget-container\">\n\t\t\t\t\t\t\t<div class=\"elementor-custom-embed\">\n\t\t\t<iframe loading=\"lazy\"\n\t\t\t\t\tsrc=\"https:\/\/maps.google.com\/maps?q=san%20juan%20de%20los%20terreros&#038;t=m&#038;z=14&#038;output=embed&#038;iwloc=near\"\n\t\t\t\t\ttitle=\"san juan de los terreros\"\n\t\t\t\t\taria-label=\"san juan de los terreros\"\n\t\t\t><\/iframe>\n\t\t<\/div>\n\t\t\t\t\t\t<\/div>\n\t\t\t\t<\/div>\n\t\t\t\t<div class=\"elementor-element elementor-element-9fb7ff8 elementor-widget-divider--view-line elementor-widget elementor-widget-divider\" data-id=\"9fb7ff8\" data-element_type=\"widget\" data-e-type=\"widget\" data-widget_type=\"divider.default\">\n\t\t\t\t<div class=\"elementor-widget-container\">\n\t\t\t\t\t\t\t<div class=\"elementor-divider\">\n\t\t\t<span class=\"elementor-divider-separator\">\n\t\t\t\t\t\t<\/span>\n\t\t<\/div>\n\t\t\t\t\t\t<\/div>\n\t\t\t\t<\/div>\n\t\t\t\t<div class=\"elementor-element elementor-element-d890d24 elementor-widget elementor-widget-heading\" data-id=\"d890d24\" data-element_type=\"widget\" data-e-type=\"widget\" data-widget_type=\"heading.default\">\n\t\t\t\t<div class=\"elementor-widget-container\">\n\t\t\t\t\t<h2 class=\"elementor-heading-title elementor-size-default\">neighbouring towns and villages<\/h2>\t\t\t\t<\/div>\n\t\t\t\t<\/div>\n\t\t\t\t<div class=\"elementor-element elementor-element-55d9299 elementor-widget elementor-widget-text-editor\" data-id=\"55d9299\" data-element_type=\"widget\" data-e-type=\"widget\" data-widget_type=\"text-editor.default\">\n\t\t\t\t<div class=\"elementor-widget-container\">\n\t\t\t\t\t\t\t\t\t<p>San Juan de los Terreros is very close to the following towns and villages:<\/p><p>\u00a0&#8211; <a href=\"https:\/\/medimarhomes.com\/cuevas-del-almanzora\/\" target=\"_blank\" rel=\"noopener\">Cuevas del Almanzora<\/a><\/p><p>\u00a0&#8211; <a href=\"https:\/\/medimarhomes.com\/vera-playa\/\" target=\"_blank\" rel=\"noopener\">Vera Playa<\/a><\/p><p>\u00a0&#8211; <a href=\"https:\/\/medimarhomes.com\/el-calon\/\" target=\"_blank\" rel=\"noopener\">El Calon<\/a><\/p>\t\t\t\t\t\t\t\t<\/div>\n\t\t\t\t<\/div>\n\t\t\t\t\t<\/div>\n\t\t<\/div>\n\t\t\t\t\t<\/div>\n\t\t<\/section>\n\t\t\t\t<section class=\"elementor-section elementor-top-section elementor-element elementor-element-e9b1f50 elementor-section-boxed elementor-section-height-default elementor-section-height-default\" data-id=\"e9b1f50\" data-element_type=\"section\" data-e-type=\"section\">\n\t\t\t\t\t\t<div class=\"elementor-container elementor-column-gap-default\">\n\t\t\t\t\t<div class=\"elementor-column elementor-col-100 elementor-top-column elementor-element elementor-element-78b3ab8\" data-id=\"78b3ab8\" data-element_type=\"column\" data-e-type=\"column\">\n\t\t\t<div class=\"elementor-widget-wrap elementor-element-populated\">\n\t\t\t\t\t\t<div class=\"elementor-element elementor-element-f6e4a6a elementor-widget-divider--view-line elementor-widget elementor-widget-divider\" data-id=\"f6e4a6a\" data-element_type=\"widget\" data-e-type=\"widget\" data-widget_type=\"divider.default\">\n\t\t\t\t<div class=\"elementor-widget-container\">\n\t\t\t\t\t\t\t<div class=\"elementor-divider\">\n\t\t\t<span class=\"elementor-divider-separator\">\n\t\t\t\t\t\t<\/span>\n\t\t<\/div>\n\t\t\t\t\t\t<\/div>\n\t\t\t\t<\/div>\n\t\t\t\t\t<\/div>\n\t\t<\/div>\n\t\t\t\t\t<\/div>\n\t\t<\/section>\n\t\t\t\t<\/div>\n\t\t","protected":false},"excerpt":{"rendered":"<p>Nestled along the eastern coast of Almer\u00eda, San Juan de los Terreros is a picturesque village known for its pristine beaches, rich history, and relaxed Mediterranean lifestyle. Often referred to as the &#8220;last beach of Andalusia&#8221; before entering Murcia, it offers a serene environment ideal for both holidaymakers and permanent residents. Location &amp; Accessibility Proximity [&hellip;]<\/p>\n","protected":false},"author":1,"featured_media":0,"parent":0,"menu_order":0,"comment_status":"closed","ping_status":"closed","template":"","meta":{"content-type":"","om_disable_all_campaigns":false,"_monsterinsights_skip_tracking":false,"_monsterinsights_sitenote_active":false,"_monsterinsights_sitenote_note":"","_monsterinsights_sitenote_category":0,"footnotes":""},"class_list":["post-18254","page","type-page","status-publish","hentry"],"_links":{"self":[{"href":"https:\/\/medimarhomes.com\/es\/wp-json\/wp\/v2\/pages\/18254","targetHints":{"allow":["GET"]}}],"collection":[{"href":"https:\/\/medimarhomes.com\/es\/wp-json\/wp\/v2\/pages"}],"about":[{"href":"https:\/\/medimarhomes.com\/es\/wp-json\/wp\/v2\/types\/page"}],"author":[{"embeddable":true,"href":"https:\/\/medimarhomes.com\/es\/wp-json\/wp\/v2\/users\/1"}],"replies":[{"embeddable":true,"href":"https:\/\/medimarhomes.com\/es\/wp-json\/wp\/v2\/comments?post=18254"}],"version-history":[{"count":25,"href":"https:\/\/medimarhomes.com\/es\/wp-json\/wp\/v2\/pages\/18254\/revisions"}],"predecessor-version":[{"id":25807,"href":"https:\/\/medimarhomes.com\/es\/wp-json\/wp\/v2\/pages\/18254\/revisions\/25807"}],"wp:attachment":[{"href":"https:\/\/medimarhomes.com\/es\/wp-json\/wp\/v2\/media?parent=18254"}],"curies":[{"name":"wp","href":"https:\/\/api.w.org\/{rel}","templated":true}]}}